{"id":5303,"date":"2021-07-27T20:33:35","date_gmt":"2021-07-27T20:33:35","guid":{"rendered":"https:\/\/calasenmenorca.com\/liste-des-criques-de-minorque"},"modified":"2022-08-22T12:14:38","modified_gmt":"2022-08-22T12:14:38","slug":"liste-des-criques-de-minorque","status":"publish","type":"page","link":"https:\/\/calasenmenorca.com\/fr\/liste-des-criques-de-minorque","title":{"rendered":"Liste des criques de Minorque"},"content":{"rendered":"\n[et_pb_section fb_built=\u00a0\u00bb1&Prime; _builder_version=\u00a0\u00bb4.9.10&Prime; _module_preset=\u00a0\u00bbdefault\u00a0\u00bb global_colors_info=\u00a0\u00bb{}\u00a0\u00bb][et_pb_row _builder_version=\u00a0\u00bb4.9.10&Prime; _module_preset=\u00a0\u00bbdefault\u00a0\u00bb global_colors_info=\u00a0\u00bb{}\u00a0\u00bb][et_pb_column type=\u00a0\u00bb4_4&Prime; _builder_version=\u00a0\u00bb4.9.10&Prime; _module_preset=\u00a0\u00bbdefault\u00a0\u00bb global_colors_info=\u00a0\u00bb{}\u00a0\u00bb][et_pb_code _builder_version=\u00a0\u00bb4.9.10&Prime; _module_preset=\u00a0\u00bbdefault\u00a0\u00bb global_colors_info=\u00a0\u00bb{}\u00a0\u00bb]<link rel=\"stylesheet\" type=\"text\/css\" href=\"https:\/\/cdn.datatables.net\/1.10.25\/css\/jquery.dataTables.css\"><!-- [et_pb_line_break_holder] --><script type=\"text\/javascript\" charset=\"utf8\" src=\"https:\/\/cdn.datatables.net\/1.10.25\/js\/jquery.dataTables.js\"><\/script><!-- [et_pb_line_break_holder] --><!-- [et_pb_line_break_holder] --><section id=\"tabs\" class=\"project-tab\"><!-- [et_pb_line_break_holder] -->    <div class=\"container\"><!-- [et_pb_line_break_holder] -->                    <table class=\"table\" id=\"tablecalas\" cellspacing=\"0\" data-page-length=\"25\"><!-- [et_pb_line_break_holder] -->                        <thead><!-- [et_pb_line_break_holder] -->                            <tr><!-- [et_pb_line_break_holder] -->                                <th>ID<\/th><!-- [et_pb_line_break_holder] -->                                <th>Nom<\/th><!-- [et_pb_line_break_holder] -->                                <th>Distance MN<\/th><!-- [et_pb_line_break_holder] -->                                <th>M\u00e9t\u00e9o du bateau (m.v. 15 n\u0153uds)<\/th><!-- [et_pb_line_break_holder] -->                                <th>Distance KM<\/th><!-- [et_pb_line_break_holder] -->                                <th>Temps en voiture<\/th><!-- [et_pb_line_break_holder] -->                                <th>Commande par MN<\/th><!-- [et_pb_line_break_holder] -->                                <th>Zone<\/th><!-- [et_pb_line_break_holder] -->                            <\/tr><!-- [et_pb_line_break_holder] -->                        <\/thead><!-- [et_pb_line_break_holder] -->                        <!-- [et_pb_line_break_holder] -->                            <tr><td>43<\/td><td>Phare d&rsquo;Artrutx<\/td><td>29.1<\/td><td>1h 27 min<\/td><td>54<\/td><td>48 min<\/td><td>29.1<\/td><td>CITADELLA<\/td><\/tr><!-- [et_pb_line_break_holder] --><tr><td>44<\/td><td>White Cove<\/td><td>32<\/td><td>2h 40 min<\/td><td>50<\/td><td>46 min<\/td><td>32<\/td><td>CITADELLA<\/td><\/tr><!-- [et_pb_line_break_holder] --><tr><td>45<\/td><td>Cala n&rsquo;Forcat<\/td><td>33<\/td><td>2h 20 min<\/td><td>50<\/td><td>47 min<\/td><td>33<\/td><td>CITADELLA<\/td><\/tr><!-- [et_pb_line_break_holder] --><tr><td>46<\/td><td>Sa Caleta<\/td><td>33<\/td><td>2h 45 min<\/td><td>47<\/td><td>43 min<\/td><td>33<\/td><td>CITADELLA<\/td><\/tr><!-- [et_pb_line_break_holder] --><tr><td>47<\/td><td>Santandria Cove<\/td><td>33<\/td><td>2h 45 min<\/td><td>47<\/td><td>42 min<\/td><td>33<\/td><td>CITADELLA<\/td><\/tr><!-- [et_pb_line_break_holder] --><tr><td>48<\/td><td>Port de Ciudadella<\/td><td>33.8<\/td><td>2h 50 min<\/td><td>47<\/td><td>43 min<\/td><td>33.8<\/td><td>CITADELLA<\/td><\/tr><!-- [et_pb_line_break_holder] --><tr><td>49<\/td><td>Cala n&rsquo;Brut<\/td><td>34<\/td><td>2h 50 min<\/td><td>50<\/td><td>46 min<\/td><td>34<\/td><td>CITADELLA<\/td><\/tr><!-- [et_pb_line_break_holder] --><tr><td>50<\/td><td>Anse de Blanes<\/td><td>34<\/td><td>2h 50 min<\/td><td>49<\/td><td>45 minutes<\/td><td>34<\/td><td>CITADELLA<\/td><\/tr><!-- [et_pb_line_break_holder] --><tr><td>51<\/td><td>Pont d&rsquo;en Gil<\/td><td>35<\/td><td>2h 20 min<\/td><td>50<\/td><td>45 minutes<\/td><td>35<\/td><td>CITADELLA<\/td><\/tr><!-- [et_pb_line_break_holder] --><tr><td>52<\/td><td>Rac\u00f3 d&rsquo;es Mart cove<\/td><td>35<\/td><td>2h 20 min<\/td><td>50<\/td><td>45 minutes<\/td><td>35<\/td><td>CITADELLA<\/td><\/tr><!-- [et_pb_line_break_holder] --><tr><td>53<\/td><td>Plage de Cales Piques<\/td><td>35<\/td><td>2h 20 min<\/td><td>49<\/td><td>44 min<\/td><td>35<\/td><td>CITADELLA<\/td><\/tr><!-- [et_pb_line_break_holder] --><tr><td>1<\/td><td>Rata Cove<\/td><td>0.4<\/td><td>5 min<\/td><td>5<\/td><td>10 min<\/td><td>0.4<\/td><td>MAHON<\/td><\/tr><!-- [et_pb_line_break_holder] --><tr><td>2<\/td><td>L&rsquo;\u00eele du Roi<\/td><td>0.8<\/td><td>10 min<\/td><td>4&rsquo;7<\/td><td>11 min<\/td><td>0.8<\/td><td>MAHON<\/td><\/tr><!-- [et_pb_line_break_holder] --><tr><td>3<\/td><td>Cales Fonts (Es Castell)<\/td><td>1.1<\/td><td>10 min<\/td><td>4.5<\/td><td>10 min<\/td><td>1.1<\/td><td>MAHON<\/td><\/tr><!-- [et_pb_line_break_holder] --><tr><td>4<\/td><td>Cala Llonga<\/td><td>1.1<\/td><td>15 min<\/td><td>7&rsquo;8<\/td><td>13 min<\/td><td>1.1<\/td><td>MAHON<\/td><\/tr><!-- [et_pb_line_break_holder] --><tr><td>5<\/td><td>Corb Cove  <\/td><td>1.3<\/td><td>10 min<\/td><td>5&rsquo;3<\/td><td>14 min<\/td><td>1.3<\/td><td>MAHON<\/td><\/tr><!-- [et_pb_line_break_holder] --><tr><td>6<\/td><td>Anse Teulera<\/td><td>2<\/td><td>10 min<\/td><td>9&rsquo;3<\/td><td>13 min<\/td><td>2<\/td><td>MAHON<\/td><\/tr><!-- [et_pb_line_break_holder] --><tr><td>7<\/td><td>Sant Esteve<\/td><td>2.3<\/td><td>15 min<\/td><td>7&rsquo;3<\/td><td>16 min<\/td><td>2.3<\/td><td>MAHON<\/td><\/tr><!-- [et_pb_line_break_holder] --><tr><td>8<\/td><td>Anse Rafalet<\/td><td>4<\/td><td>20 minutes<\/td><td>11<\/td><td>18 min<\/td><td>4<\/td><td>MAHON<\/td><\/tr><!-- [et_pb_line_break_holder] --><tr><td>9<\/td><td>Anse d&rsquo;Alcaufar<\/td><td>5<\/td><td>25 minutes<\/td><td>10<\/td><td>16 min<\/td><td>5<\/td><td>MAHON<\/td><\/tr><!-- [et_pb_line_break_holder] --><tr><td>10<\/td><td>Calo Roig<\/td><td>5<\/td><td>20 minutes<\/td><td>9&rsquo;9<\/td><td>17 min<\/td><td>5<\/td><td>MAHON<\/td><\/tr><!-- [et_pb_line_break_holder] --><tr><td>94<\/td><td>Cala des Murtar<\/td><td>6.7<\/td><td>30 minutes<\/td><td>6.8<\/td><td>11 min<\/td><td>6.7<\/td><td>NORD 1<\/td><\/tr><!-- [et_pb_line_break_holder] --><tr><td>93<\/td><td>Mesquida Cove<\/td><td>6.9<\/td><td>35 min<\/td><td>7.2<\/td><td>12 min<\/td><td>6.9<\/td><td>NORD 1<\/td><\/tr><!-- [et_pb_line_break_holder] --><tr><td>92<\/td><td>Plage d&rsquo;Es Grau<\/td><td>9.6<\/td><td>50 minutes<\/td><td>9.8<\/td><td>13 min<\/td><td>9.6<\/td><td>NORD 1<\/td><\/tr><!-- [et_pb_line_break_holder] --><tr><td>91<\/td><td>Illa d&rsquo;en Colom<\/td><td>10.7<\/td><td>55 min<\/td><td>9.8<\/td><td>13 min<\/td><td>10.7<\/td><td>NORD 1<\/td><\/tr><!-- [et_pb_line_break_holder] --><tr><td>90<\/td><td>Plage d&rsquo;Arenal d&rsquo;en Moro<\/td><td>10.7<\/td><td>55 min<\/td><td>9.8<\/td><td>13 min<\/td><td>10.7<\/td><td>NORD 1<\/td><\/tr><!-- [et_pb_line_break_holder] --><tr><td>89<\/td><td>Fondeur des Llanes<\/td><td>10.9<\/td><td>55 min<\/td><td>19.9<\/td><td>40 min<\/td><td>10.9<\/td><td>NORD 1<\/td><\/tr><!-- [et_pb_line_break_holder] --><tr><td>88<\/td><td>Tamarels des Nord<\/td><td>10.9<\/td><td>55 min<\/td><td>19.9<\/td><td>40 min<\/td><td>10.9<\/td><td>NORD 1<\/td><\/tr><!-- [et_pb_line_break_holder] --><tr><td>87<\/td><td>Mamaes Primes<\/td><td>11<\/td><td>44 min<\/td><td>15<\/td><td>27 min<\/td><td>11<\/td><td>NORD 2<\/td><\/tr><!-- [et_pb_line_break_holder] --><tr><td>86<\/td><td>Cavaller Cove<\/td><td>11<\/td><td>44 min<\/td><td>20<\/td><td>30 minutes<\/td><td>11<\/td><td>NORD 2<\/td><\/tr><!-- [et_pb_line_break_holder] --><tr><td>85<\/td><td>Rambles de Sa Torreta\/Cala<\/td><td>11.1<\/td><td>44 min<\/td><td>19<\/td><td>30 minutes<\/td><td>11.1<\/td><td>NORD 2<\/td><\/tr><!-- [et_pb_line_break_holder] --><tr><td>84<\/td><td>Phare de Favaritx<\/td><td>11.6<\/td><td>46 min<\/td><td>18<\/td><td>23 min<\/td><td>11.6<\/td><td>NORD 2<\/td><\/tr><!-- [et_pb_line_break_holder] --><tr><td>83<\/td><td>Morella Nou<\/td><td>11.8<\/td><td>47 min<\/td><td>19<\/td><td>27 min<\/td><td>11.8<\/td><td>NORD 2<\/td><\/tr><!-- [et_pb_line_break_holder] --><tr><td>82<\/td><td>Tortuga Cove<\/td><td>11.8<\/td><td>47 min<\/td><td>21<\/td><td>26 min<\/td><td>11.8<\/td><td>NORD 2<\/td><\/tr><!-- [et_pb_line_break_holder] --><tr><td>81<\/td><td>Presili Cove<\/td><td>11.8<\/td><td>47 min<\/td><td>18<\/td><td>22 min<\/td><td>11.8<\/td><td>NORD 2<\/td><\/tr><!-- [et_pb_line_break_holder] --><tr><td>80<\/td><td>Mongofre<\/td><td>14<\/td><td>56 min<\/td><td>17<\/td><td>29 min<\/td><td>14<\/td><td>NORD 2<\/td><\/tr><!-- [et_pb_line_break_holder] --><tr><td>79<\/td><td>Port d&rsquo;Addaia<\/td><td>15.4<\/td><td>1h 02 min<\/td><td>19<\/td><td>21 min<\/td><td>15.4<\/td><td>NORD 2<\/td><\/tr><!-- [et_pb_line_break_holder] --><tr><td>78<\/td><td>Arenal d&rsquo;en Castell<\/td><td>17.2<\/td><td>1h 10 min<\/td><td>21<\/td><td>24 min<\/td><td>17.2<\/td><td>NORD 2<\/td><\/tr><!-- [et_pb_line_break_holder] --><tr><td>77<\/td><td>Pudent Cove<\/td><td>17.4<\/td><td>1h 10 min<\/td><td>23<\/td><td>28 min<\/td><td>17.4<\/td><td>NORD 2<\/td><\/tr><!-- [et_pb_line_break_holder] --><tr><td>76<\/td><td>Tosqueta Cove<\/td><td>17.5<\/td><td>1h 10 min<\/td><td>26<\/td><td>41 min<\/td><td>17.5<\/td><td>NORD 2<\/td><\/tr><!-- [et_pb_line_break_holder] --><tr><td>75<\/td><td>Son Parc<\/td><td>17.6<\/td><td>1h 10 min<\/td><td>22<\/td><td>26 min<\/td><td>17.6<\/td><td>NORD 2<\/td><\/tr><!-- [et_pb_line_break_holder] --><tr><td>74<\/td><td>Baie de Fornells<\/td><td>21<\/td><td>1h 25 min<\/td><td>26<\/td><td>26 min<\/td><td>21<\/td><td>NORD 2<\/td><\/tr><!-- [et_pb_line_break_holder] --><tr><td>73<\/td><td>Anse Tirant<\/td><td>21.7<\/td><td>1h 30 min<\/td><td>28<\/td><td>30 minutes<\/td><td>21.7<\/td><td>NORD 2<\/td><\/tr><!-- [et_pb_line_break_holder] --><tr><td>72<\/td><td>Caporal de la cavalerie<\/td><td>22<\/td><td>1h 40 min<\/td><td>35<\/td><td>40 min<\/td><td>22<\/td><td>NORD 3<\/td><\/tr><!-- [et_pb_line_break_holder] --><tr><td>71<\/td><td>Anse Viola de Ponent<\/td><td>23.5<\/td><td>1h 35 min<\/td><td>34<\/td><td>38 min<\/td><td>23.5<\/td><td>NORD 3<\/td><\/tr><!-- [et_pb_line_break_holder] --><tr><td>70<\/td><td>Nitge (port ph\u00e9nicien)<\/td><td>23.5<\/td><td>1h 35 min<\/td><td>32<\/td><td>36 min<\/td><td>23.5<\/td><td>NORD 3<\/td><\/tr><!-- [et_pb_line_break_holder] --><tr><td>69<\/td><td>Torta Cove<\/td><td>24<\/td><td>1h 45 min<\/td><td>31<\/td><td>33 min<\/td><td>24<\/td><td>NORD 3<\/td><\/tr><!-- [et_pb_line_break_holder] --><tr><td>68<\/td><td>Morts Cove<\/td><td>24<\/td><td>2h<\/td><td>21<\/td><td>22 min<\/td><td>24<\/td><td>NORD 3<\/td><\/tr><!-- [et_pb_line_break_holder] --><tr><td>67<\/td><td>Plage de Ferragut<\/td><td>24.2<\/td><td>1h 50 min<\/td><td>30<\/td><td>30 minutes<\/td><td>24.2<\/td><td>NORD 3<\/td><\/tr><!-- [et_pb_line_break_holder] --><tr><td>66<\/td><td>Anse Rotja<\/td><td>24.3<\/td><td>1h 40 min  <\/td><td>31<\/td><td>32 min<\/td><td>24.3<\/td><td>NORD 3<\/td><\/tr><!-- [et_pb_line_break_holder] --><tr><td>65<\/td><td>Plage de Cavalleria<\/td><td>24.3<\/td><td>1h 50 min<\/td><td>31<\/td><td>32 min<\/td><td>24.3<\/td><td>NORD 3<\/td><\/tr><!-- [et_pb_line_break_holder] --><tr><td>64<\/td><td>Mica Cove<\/td><td>24.5<\/td><td>1h 40 min  <\/td><td>33<\/td><td>40 min<\/td><td>24.5<\/td><td>NORD 3<\/td><\/tr><!-- [et_pb_line_break_holder] --><tr><td>63<\/td><td>Plage de Binimel-La<\/td><td>25<\/td><td>1h 45 min<\/td><td>32<\/td><td>38 min<\/td><td>25<\/td><td>NORD 3<\/td><\/tr><!-- [et_pb_line_break_holder] --><tr><td>62<\/td><td>Anse Pregond\u00f3-S&rsquo;Alair\u00f3<\/td><td>25<\/td><td>1h 45 min<\/td><td>32<\/td><td>38 min<\/td><td>25<\/td><td>NORD 3<\/td><\/tr><!-- [et_pb_line_break_holder] --><tr><td>61<\/td><td>Plage de Pregonda<\/td><td>25<\/td><td>1h 40 min<\/td><td>32<\/td><td>38 min<\/td><td>25<\/td><td>NORD 3<\/td><\/tr><!-- [et_pb_line_break_holder] --><tr><td>60<\/td><td>Barrel Cove<\/td><td>26<\/td><td>2h 10 min<\/td><td>33<\/td><td>40 min<\/td><td>26<\/td><td>NORD 3<\/td><\/tr><!-- [et_pb_line_break_holder] --><tr><td>59<\/td><td>Anse Calderer<\/td><td>26.3<\/td><td>1h 45 min<\/td><td>39<\/td><td>42 min<\/td><td>26.3<\/td><td>NORD 3<\/td><\/tr><!-- [et_pb_line_break_holder] --><tr><td>58<\/td><td>Pilar Cove<\/td><td>27.7<\/td><td>2h 20 min<\/td><td>40<\/td><td>45 minutes<\/td><td>27.7<\/td><td>NORD 3<\/td><\/tr><!-- [et_pb_line_break_holder] --><tr><td>57<\/td><td>Anse Carb\u00f3<\/td><td>30<\/td><td>2h<\/td><td>52<\/td><td>57 min<\/td><td>30<\/td><td>NORD 3<\/td><\/tr><!-- [et_pb_line_break_holder] --><tr><td>56<\/td><td>Plage des Bot<\/td><td>30.9<\/td><td>2h 05 min<\/td><td>52<\/td><td>55 min<\/td><td>30.9<\/td><td>NORD 3<\/td><\/tr><!-- [et_pb_line_break_holder] --><tr><td>55<\/td><td>Algaiarens &#8211; La Vall<\/td><td>31.1<\/td><td>2h 35 min<\/td><td>51<\/td><td>47 min<\/td><td>31.1<\/td><td>NORD 3<\/td><\/tr><!-- [et_pb_line_break_holder] --><tr><td>54<\/td><td>Anse Morell<\/td><td>32<\/td><td>2h 10 min<\/td><td>49<\/td><td>41 min<\/td><td>32<\/td><td>NORD 3<\/td><\/tr><!-- [et_pb_line_break_holder] --><tr><td>11<\/td><td>Punta Prima<\/td><td>6.5<\/td><td>40 min<\/td><td>11<\/td><td>15 min<\/td><td>6.5<\/td><td>SUD 1<\/td><\/tr><!-- [et_pb_line_break_holder] --><tr><td>12<\/td><td>Illa de l&rsquo;Aire<\/td><td>6.6<\/td><td>40 min<\/td><td>11<\/td><td>17 min<\/td><td>6.6<\/td><td>SUD 1<\/td><\/tr><!-- [et_pb_line_break_holder] --><tr><td>13<\/td><td>Anse Biniancolla<\/td><td>7.7<\/td><td>45 minutes<\/td><td>11<\/td><td>16 min<\/td><td>7.7<\/td><td>SUD 1<\/td><\/tr><!-- [et_pb_line_break_holder] --><tr><td>14<\/td><td>Plage de Binibeca<\/td><td>8.6<\/td><td>50 minutes<\/td><td>11<\/td><td>17 min<\/td><td>8.6<\/td><td>SUD 1<\/td><\/tr><!-- [et_pb_line_break_holder] --><tr><td>15<\/td><td>Anse Ses Olles<\/td><td>9.7<\/td><td>54 min<\/td><td>12<\/td><td>17 min<\/td><td>9.7<\/td><td>SUD 1<\/td><\/tr><!-- [et_pb_line_break_holder] --><tr><td>16<\/td><td>Plage de Binisafuller<\/td><td>10.1<\/td><td>55 min<\/td><td>11<\/td><td>15 min<\/td><td>10.1<\/td><td>SUD 1<\/td><\/tr><!-- [et_pb_line_break_holder] --><tr><td>17<\/td><td>Cal\u00f3 Blanc<\/td><td>10.3<\/td><td>56 min<\/td><td>12<\/td><td>15 min<\/td><td>10.3<\/td><td>SUD 1<\/td><\/tr><!-- [et_pb_line_break_holder] --><tr><td>18<\/td><td>Anse Biniparratx<\/td><td>10.8<\/td><td>58 min<\/td><td>11<\/td><td>13 min<\/td><td>10.8<\/td><td>SUD 2<\/td><\/tr><!-- [et_pb_line_break_holder] --><tr><td>19<\/td><td>Binidal\u00ed Cove<\/td><td>10.9<\/td><td>59 min<\/td><td>10<\/td><td>13 min<\/td><td>10.9<\/td><td>SUD 2<\/td><\/tr><!-- [et_pb_line_break_holder] --><tr><td>20<\/td><td>Canutells Cove<\/td><td>12.7<\/td><td>1h et 5 min<\/td><td>11<\/td><td>15 min<\/td><td>12.7<\/td><td>SUD 2<\/td><\/tr><!-- [et_pb_line_break_holder] --><tr><td>21<\/td><td>Cales Coves<\/td><td>14.1<\/td><td>1h et 11 min<\/td><td>11<\/td><td>18 min<\/td><td>14.1<\/td><td>SUD 2<\/td><\/tr><!-- [et_pb_line_break_holder] --><tr><td>22<\/td><td>Cala en Porter<\/td><td>14.7<\/td><td>1h 15 min<\/td><td>12<\/td><td>15 min<\/td><td>14.7<\/td><td>SUD 2<\/td><\/tr><!-- [et_pb_line_break_holder] --><tr><td>23<\/td><td>Llucalari Cove<\/td><td>17.5<\/td><td>1h et 24 min<\/td><td>20<\/td><td>22 min<\/td><td>17.5<\/td><td>SUD 2<\/td><\/tr><!-- [et_pb_line_break_holder] --><tr><td>24<\/td><td>Plage de Son Bou<\/td><td>18.2<\/td><td>1h 28 min<\/td><td>22<\/td><td>22 min<\/td><td>18.2<\/td><td>SUD 2<\/td><\/tr><!-- [et_pb_line_break_holder] --><tr><td>25<\/td><td>Plage de Santo Tom\u00e1s<\/td><td>19.7<\/td><td>1h 33 min<\/td><td>27<\/td><td>26 min<\/td><td>19.7<\/td><td>SUD 2<\/td><\/tr><!-- [et_pb_line_break_holder] --><tr><td>26<\/td><td>Plage de Sant Adeoat<\/td><td>20<\/td><td>1h 35 min<\/td><td>27<\/td><td>25 minutes<\/td><td>20<\/td><td>SUD 2<\/td><\/tr><!-- [et_pb_line_break_holder] --><tr><td>27<\/td><td>Plage de Binigaus<\/td><td>20.6<\/td><td>1h 37 min<\/td><td>27<\/td><td>31 min<\/td><td>20.6<\/td><td>SUD 2<\/td><\/tr><!-- [et_pb_line_break_holder] --><tr><td>28<\/td><td>Anse Fustam<\/td><td>21.5<\/td><td>1h 40 min<\/td><td>30<\/td><td>46 min<\/td><td>21.5<\/td><td>SUD 3<\/td><\/tr><!-- [et_pb_line_break_holder] --><tr><td>29<\/td><td>Anse Escorxada<\/td><td>21.5<\/td><td>1h 40 min<\/td><td>30<\/td><td>46 min<\/td><td>21.5<\/td><td>SUD 3<\/td><\/tr><!-- [et_pb_line_break_holder] --><tr><td>30<\/td><td>Anse Trebal\u00fager<\/td><td>22.3<\/td><td>1h 45 min<\/td><td>31<\/td><td>47 min<\/td><td>22.3<\/td><td>SUD 3<\/td><\/tr><!-- [et_pb_line_break_holder] --><tr><td>31<\/td><td>Anse Mitjaneta<\/td><td>23<\/td><td>1h 47 min<\/td><td>36<\/td><td>32 min<\/td><td>23<\/td><td>SUD 3<\/td><\/tr><!-- [et_pb_line_break_holder] --><tr><td>32<\/td><td>Mitjana Cove<\/td><td>23<\/td><td>1h 47 min<\/td><td>36<\/td><td>32 min<\/td><td>23<\/td><td>SUD 3<\/td><\/tr><!-- [et_pb_line_break_holder] --><tr><td>33<\/td><td>Galdana Cove<\/td><td>23.8<\/td><td>1h 50 min<\/td><td>36<\/td><td>32 min<\/td><td>23.8<\/td><td>SUD 3<\/td><\/tr><!-- [et_pb_line_break_holder] --><tr><td>34<\/td><td>Macarelleta Cove<\/td><td>24.4<\/td><td>1h 52 min<\/td><td>57<\/td><td>1h 01 min<\/td><td>24.4<\/td><td>SUD 3<\/td><\/tr><!-- [et_pb_line_break_holder] --><tr><td>35<\/td><td>Anse Macarella<\/td><td>24.4<\/td><td>1h 52 min<\/td><td>57<\/td><td>1h<\/td><td>24.4<\/td><td>SUD 3<\/td><\/tr><!-- [et_pb_line_break_holder] --><tr><td>36<\/td><td>Turqueta Cove<\/td><td>25.2<\/td><td>1h 55 min<\/td><td>55<\/td><td>58 min<\/td><td>25.2<\/td><td>SUD 3<\/td><\/tr><!-- [et_pb_line_break_holder] --><tr><td>37<\/td><td>Es Talaier<\/td><td>25.6<\/td><td>1h 57 min<\/td><td>55<\/td><td>1h<\/td><td>25.6<\/td><td>SUD 3<\/td><\/tr><!-- [et_pb_line_break_holder] --><tr><td>38<\/td><td>Son Saura<\/td><td>25.7<\/td><td>2h<\/td><td>56<\/td><td>1h 03 min<\/td><td>25.7<\/td><td>SUD 3<\/td><\/tr><!-- [et_pb_line_break_holder] --><tr><td>39<\/td><td>Son Vell Cove<\/td><td>27<\/td><td>2h et 3 min<\/td><td>56<\/td><td>1h 03 min<\/td><td>27<\/td><td>SUD 3<\/td><\/tr><!-- [et_pb_line_break_holder] --><tr><td>40<\/td><td>Anse Parejals<\/td><td>27.7<\/td><td>2h et 5 min<\/td><td>55<\/td><td>57 min<\/td><td>27.7<\/td><td>SUD 3<\/td><\/tr><!-- [et_pb_line_break_holder] --><tr><td>41<\/td><td>Plage de Son Xoriguer<\/td><td>28.2<\/td><td>2h et 10 min<\/td><td>56<\/td><td>54 min<\/td><td>28.2<\/td><td>SUD 3<\/td><\/tr><!-- [et_pb_line_break_holder] --><tr><td>42<\/td><td>Bosc Cove<\/td><td>28.6<\/td><td>2h et 15 min<\/td><td>54<\/td><td>48 min<\/td><td>28.6<\/td><td>SUD 3<\/td><\/tr><!-- [et_pb_line_break_holder] -->                        <!-- [et_pb_line_break_holder] -->                    <\/table>                            <!-- [et_pb_line_break_holder] -->                <\/div><!-- [et_pb_line_break_holder] --><\/section><!-- [et_pb_line_break_holder] --><!-- [et_pb_line_break_holder] --><script type=\"text\/javascript\" charset=\"utf8\"><!-- [et_pb_line_break_holder] -->jQuery(document).ready( function () {<!-- [et_pb_line_break_holder] -->    jQuery('#tablecalas').DataTable();<!-- [et_pb_line_break_holder] -->} );<\/script>[\/et_pb_code][\/et_pb_column][\/et_pb_row][\/et_pb_section]\n","protected":false},"excerpt":{"rendered":"","protected":false},"author":1,"featured_media":0,"parent":0,"menu_order":0,"comment_status":"closed","ping_status":"closed","template":"","meta":{"_et_pb_use_builder":"on","_et_pb_old_content":"","_et_gb_content_width":"","_price":"","_stock":"","_tribe_ticket_header":"","_tribe_default_ticket_provider":"","_tribe_ticket_capacity":"0","_ticket_start_date":"","_ticket_end_date":"","_tribe_ticket_show_description":"","_tribe_ticket_show_not_going":false,"_tribe_ticket_use_global_stock":"","_tribe_ticket_global_stock_level":"","_global_stock_mode":"","_global_stock_cap":"","_tribe_rsvp_for_event":"","_tribe_ticket_going_count":"","_tribe_ticket_not_going_count":"","_tribe_tickets_list":"[]","_tribe_ticket_has_attendee_info_fields":false,"footnotes":"","_tec_slr_enabled":"","_tec_slr_layout":""},"class_list":["post-5303","page","type-page","status-publish","hentry"],"yoast_head":"<!-- This site is optimized with the Yoast SEO plugin v25.6 - https:\/\/yoast.com\/wordpress\/plugins\/seo\/ -->\n<title>Criques \u00e0 voir \u00e0 Menorca - Calas en Menorca<\/title>\n<meta name=\"description\" content=\"Liste des criques \u00e0 voir \u00e0 Minorque, vous serez surpris par chacun de ses recoins. Sur cette \u00eele aux possibilit\u00e9s infinies, laissez-vous envelopper par des paysages paradisiaques.\" \/>\n<meta name=\"robots\" content=\"index, follow, max-snippet:-1, max-image-preview:large, max-video-preview:-1\" \/>\n<link rel=\"canonical\" href=\"https:\/\/calasenmenorca.com\/fr\/liste-des-criques-de-minorque\" \/>\n<meta property=\"og:locale\" content=\"fr_FR\" \/>\n<meta property=\"og:type\" content=\"article\" \/>\n<meta property=\"og:title\" content=\"Criques \u00e0 voir \u00e0 Menorca - Calas en Menorca\" \/>\n<meta property=\"og:description\" content=\"Liste des criques \u00e0 voir \u00e0 Minorque, vous serez surpris par chacun de ses recoins. Sur cette \u00eele aux possibilit\u00e9s infinies, laissez-vous envelopper par des paysages paradisiaques.\" \/>\n<meta property=\"og:url\" content=\"https:\/\/calasenmenorca.com\/fr\/liste-des-criques-de-minorque\" \/>\n<meta property=\"og:site_name\" content=\"Calas en Menorca\" \/>\n<meta property=\"article:modified_time\" content=\"2022-08-22T12:14:38+00:00\" \/>\n<meta name=\"twitter:card\" content=\"summary_large_image\" \/>\n<meta name=\"twitter:label1\" content=\"Dur\u00e9e de lecture estim\u00e9e\" \/>\n\t<meta name=\"twitter:data1\" content=\"3 minutes\" \/>\n<script type=\"application\/ld+json\" class=\"yoast-schema-graph\">{\"@context\":\"https:\/\/schema.org\",\"@graph\":[{\"@type\":\"WebPage\",\"@id\":\"https:\/\/calasenmenorca.com\/fr\/liste-des-criques-de-minorque\",\"url\":\"https:\/\/calasenmenorca.com\/fr\/liste-des-criques-de-minorque\",\"name\":\"Criques \u00e0 voir \u00e0 Menorca - Calas en Menorca\",\"isPartOf\":{\"@id\":\"https:\/\/calasenmenorca.com\/#website\"},\"datePublished\":\"2021-07-27T20:33:35+00:00\",\"dateModified\":\"2022-08-22T12:14:38+00:00\",\"description\":\"Liste des criques \u00e0 voir \u00e0 Minorque, vous serez surpris par chacun de ses recoins. Sur cette \u00eele aux possibilit\u00e9s infinies, laissez-vous envelopper par des paysages paradisiaques.\",\"breadcrumb\":{\"@id\":\"https:\/\/calasenmenorca.com\/fr\/liste-des-criques-de-minorque#breadcrumb\"},\"inLanguage\":\"fr-FR\",\"potentialAction\":[{\"@type\":\"ReadAction\",\"target\":[\"https:\/\/calasenmenorca.com\/fr\/liste-des-criques-de-minorque\"]}]},{\"@type\":\"BreadcrumbList\",\"@id\":\"https:\/\/calasenmenorca.com\/fr\/liste-des-criques-de-minorque#breadcrumb\",\"itemListElement\":[{\"@type\":\"ListItem\",\"position\":1,\"name\":\"Portada\",\"item\":\"https:\/\/calasenmenorca.com\/\"},{\"@type\":\"ListItem\",\"position\":2,\"name\":\"Liste des criques de Minorque\"}]},{\"@type\":\"WebSite\",\"@id\":\"https:\/\/calasenmenorca.com\/#website\",\"url\":\"https:\/\/calasenmenorca.com\/\",\"name\":\"Calas en Menorca\",\"description\":\"Las mejores calas de menorca\",\"potentialAction\":[{\"@type\":\"SearchAction\",\"target\":{\"@type\":\"EntryPoint\",\"urlTemplate\":\"https:\/\/calasenmenorca.com\/?s={search_term_string}\"},\"query-input\":{\"@type\":\"PropertyValueSpecification\",\"valueRequired\":true,\"valueName\":\"search_term_string\"}}],\"inLanguage\":\"fr-FR\"}]}<\/script>\n<!-- \/ Yoast SEO plugin. -->","yoast_head_json":{"title":"Criques \u00e0 voir \u00e0 Menorca - Calas en Menorca","description":"Liste des criques \u00e0 voir \u00e0 Minorque, vous serez surpris par chacun de ses recoins. Sur cette \u00eele aux possibilit\u00e9s infinies, laissez-vous envelopper par des paysages paradisiaques.","robots":{"index":"index","follow":"follow","max-snippet":"max-snippet:-1","max-image-preview":"max-image-preview:large","max-video-preview":"max-video-preview:-1"},"canonical":"https:\/\/calasenmenorca.com\/fr\/liste-des-criques-de-minorque","og_locale":"fr_FR","og_type":"article","og_title":"Criques \u00e0 voir \u00e0 Menorca - Calas en Menorca","og_description":"Liste des criques \u00e0 voir \u00e0 Minorque, vous serez surpris par chacun de ses recoins. Sur cette \u00eele aux possibilit\u00e9s infinies, laissez-vous envelopper par des paysages paradisiaques.","og_url":"https:\/\/calasenmenorca.com\/fr\/liste-des-criques-de-minorque","og_site_name":"Calas en Menorca","article_modified_time":"2022-08-22T12:14:38+00:00","twitter_card":"summary_large_image","twitter_misc":{"Dur\u00e9e de lecture estim\u00e9e":"3 minutes"},"schema":{"@context":"https:\/\/schema.org","@graph":[{"@type":"WebPage","@id":"https:\/\/calasenmenorca.com\/fr\/liste-des-criques-de-minorque","url":"https:\/\/calasenmenorca.com\/fr\/liste-des-criques-de-minorque","name":"Criques \u00e0 voir \u00e0 Menorca - Calas en Menorca","isPartOf":{"@id":"https:\/\/calasenmenorca.com\/#website"},"datePublished":"2021-07-27T20:33:35+00:00","dateModified":"2022-08-22T12:14:38+00:00","description":"Liste des criques \u00e0 voir \u00e0 Minorque, vous serez surpris par chacun de ses recoins. Sur cette \u00eele aux possibilit\u00e9s infinies, laissez-vous envelopper par des paysages paradisiaques.","breadcrumb":{"@id":"https:\/\/calasenmenorca.com\/fr\/liste-des-criques-de-minorque#breadcrumb"},"inLanguage":"fr-FR","potentialAction":[{"@type":"ReadAction","target":["https:\/\/calasenmenorca.com\/fr\/liste-des-criques-de-minorque"]}]},{"@type":"BreadcrumbList","@id":"https:\/\/calasenmenorca.com\/fr\/liste-des-criques-de-minorque#breadcrumb","itemListElement":[{"@type":"ListItem","position":1,"name":"Portada","item":"https:\/\/calasenmenorca.com\/"},{"@type":"ListItem","position":2,"name":"Liste des criques de Minorque"}]},{"@type":"WebSite","@id":"https:\/\/calasenmenorca.com\/#website","url":"https:\/\/calasenmenorca.com\/","name":"Calas en Menorca","description":"Las mejores calas de menorca","potentialAction":[{"@type":"SearchAction","target":{"@type":"EntryPoint","urlTemplate":"https:\/\/calasenmenorca.com\/?s={search_term_string}"},"query-input":{"@type":"PropertyValueSpecification","valueRequired":true,"valueName":"search_term_string"}}],"inLanguage":"fr-FR"}]}},"ticketed":false,"_links":{"self":[{"href":"https:\/\/calasenmenorca.com\/fr\/wp-json\/wp\/v2\/pages\/5303"}],"collection":[{"href":"https:\/\/calasenmenorca.com\/fr\/wp-json\/wp\/v2\/pages"}],"about":[{"href":"https:\/\/calasenmenorca.com\/fr\/wp-json\/wp\/v2\/types\/page"}],"author":[{"embeddable":true,"href":"https:\/\/calasenmenorca.com\/fr\/wp-json\/wp\/v2\/users\/1"}],"replies":[{"embeddable":true,"href":"https:\/\/calasenmenorca.com\/fr\/wp-json\/wp\/v2\/comments?post=5303"}],"version-history":[{"count":3,"href":"https:\/\/calasenmenorca.com\/fr\/wp-json\/wp\/v2\/pages\/5303\/revisions"}],"predecessor-version":[{"id":6559,"href":"https:\/\/calasenmenorca.com\/fr\/wp-json\/wp\/v2\/pages\/5303\/revisions\/6559"}],"wp:attachment":[{"href":"https:\/\/calasenmenorca.com\/fr\/wp-json\/wp\/v2\/media?parent=5303"}],"curies":[{"name":"wp","href":"https:\/\/api.w.org\/{rel}","templated":true}]}}